{"id":3011,"date":"2021-02-08T13:05:44","date_gmt":"2021-02-08T12:05:44","guid":{"rendered":"https:\/\/www.praxis-sichtzeichen.de\/wp\/?page_id=3011"},"modified":"2025-04-27T08:18:47","modified_gmt":"2025-04-27T06:18:47","slug":"ernaehrungsberatung-und-kaiut","status":"publish","type":"page","link":"https:\/\/www.praxis-sichtzeichen.de\/wp\/ernaehrungsberatung-und-kaiut\/","title":{"rendered":"Ern\u00e4hrungskurse &#038; Yogakurse online"},"content":{"rendered":"<p><a style=\"color: #008080;\" href=\"https:\/\/praxisuhlendahl--vitalessenz.thrivecart.com\/ernhrungsfundament\/\"><strong>Ern\u00e4hrungcoaching\u00a0<\/strong><\/a><\/p>\n<p>&nbsp;<\/p>\n<p><img decoding=\"async\" loading=\"lazy\" class=\"alignleft size-medium wp-image-3912\" src=\"https:\/\/www.praxis-sichtzeichen.de\/wp\/wp-content\/uploads\/2025\/04\/WhatsApp-Image-2025-04-25-at-19.15.23-300x210.jpeg\" alt=\"\" width=\"300\" height=\"210\" srcset=\"https:\/\/www.praxis-sichtzeichen.de\/wp\/wp-content\/uploads\/2025\/04\/WhatsApp-Image-2025-04-25-at-19.15.23-300x210.jpeg 300w, https:\/\/www.praxis-sichtzeichen.de\/wp\/wp-content\/uploads\/2025\/04\/WhatsApp-Image-2025-04-25-at-19.15.23-600x420.jpeg 600w, https:\/\/www.praxis-sichtzeichen.de\/wp\/wp-content\/uploads\/2025\/04\/WhatsApp-Image-2025-04-25-at-19.15.23-150x105.jpeg 150w, https:\/\/www.praxis-sichtzeichen.de\/wp\/wp-content\/uploads\/2025\/04\/WhatsApp-Image-2025-04-25-at-19.15.23-768x537.jpeg 768w, https:\/\/www.praxis-sichtzeichen.de\/wp\/wp-content\/uploads\/2025\/04\/WhatsApp-Image-2025-04-25-at-19.15.23.jpeg 1280w\" sizes=\"(max-width: 300px) 100vw, 300px\" \/><\/p>\n<p>&nbsp;<\/p>\n<p>&nbsp;<\/p>\n<p>&nbsp;<\/p>\n<div>\n<p><span style=\"color: #008080;\"><span style=\"color: #4a3838;\">Informationen:<\/span><\/span><\/p>\n<p><span style=\"color: #008080;\"><a style=\"color: #008080;\" href=\"https:\/\/praxisuhlendahl--vitalessenz.thrivecart.com\/ernhrungsfundament\/\"><strong>Ganzheitliches Ern\u00e4hrungsfundament<\/strong><\/a><\/span><\/p>\n<\/div>\n<p>&nbsp;<\/p>\n<p><img decoding=\"async\" loading=\"lazy\" class=\"size-medium wp-image-3568 alignright\" src=\"https:\/\/www.praxis-sichtzeichen.de\/wp\/wp-content\/uploads\/2023\/01\/Design-ohne-Titel-300x300.png\" alt=\"\" width=\"300\" height=\"300\" srcset=\"https:\/\/www.praxis-sichtzeichen.de\/wp\/wp-content\/uploads\/2023\/01\/Design-ohne-Titel-300x300.png 300w, https:\/\/www.praxis-sichtzeichen.de\/wp\/wp-content\/uploads\/2023\/01\/Design-ohne-Titel-600x600.png 600w, https:\/\/www.praxis-sichtzeichen.de\/wp\/wp-content\/uploads\/2023\/01\/Design-ohne-Titel-150x150.png 150w, https:\/\/www.praxis-sichtzeichen.de\/wp\/wp-content\/uploads\/2023\/01\/Design-ohne-Titel-768x768.png 768w, https:\/\/www.praxis-sichtzeichen.de\/wp\/wp-content\/uploads\/2023\/01\/Design-ohne-Titel.png 1080w\" sizes=\"(max-width: 300px) 100vw, 300px\" \/><\/p>\n<p>&nbsp;<\/p>\n<ul>\n<li class=\"\"><span style=\"color: #808080;\">Fachberaterin f\u00fcr holistische Gesundheit (Akademie der Naturheilkunde)<\/span><\/li>\n<li class=\"\"><span style=\"color: #808080;\">Fachberaterin f\u00fcr Ern\u00e4hrungsmedizin, Food Coach ( DTA Dr. Jens Freese)<\/span><\/li>\n<li class=\"\"><span style=\"color: #808080;\">Burnout- und Stressberaterin ( Silke Uhlendahl)<\/span><\/li>\n<li class=\"\"><span style=\"color: #808080;\">Wechseljahrsberaterin( Silke Uhlendahl)<\/span><\/li>\n<li class=\"\"><span style=\"color: #808080;\">Fortbildungen in ganzheitlicher Frauen- \u00a0und Hormongesundheit( Silke Uhlendahl)<\/span><\/li>\n<li class=\"\"><span style=\"color: #808080;\">\u00a0Fachberaterin f\u00fcr Darmgesundheit<\/span><\/li>\n<li class=\"\"><span style=\"color: #808080;\">Fortbildung im Bereich Ausleitung, Entgiftung und Darmsanierung<\/span><\/li>\n<li class=\"\"><span style=\"color: #808080;\">Fortbildungen im Bereich Endokrinologie: Schilddr\u00fcse &amp; Nebennieren<\/span><\/li>\n<li class=\"\"><span style=\"color: #808080;\">Trainerin f\u00fcr Diabetes- und Gewichtsmanagement<\/span><\/li>\n<li class=\"\"><span style=\"color: #808080;\">Trainerin f\u00fcr Nahrungserg\u00e4nzungsmittel und Supplemente<\/span><\/li>\n<li class=\"\"><span style=\"color: #808080;\">Fastenbegleiterin<\/span><\/li>\n<li class=\"\"><span style=\"color: #808080;\">Yogalehrerin (BYV)<\/span><\/li>\n<li class=\"\"><span style=\"color: #808080;\">Ganzheitliche Yogatherapeutin (BYAT)<\/span><\/li>\n<li class=\"\"><span style=\"color: #808080;\">Zusatzfortbildungen in Kaiut Yoga (siehe mehr Information unten)\u00a0<\/span><\/li>\n<li class=\"\"><span style=\"color: #808080;\">Thai Yoga &#8211; nach Tobias Frank<\/span><\/li>\n<li class=\"\"><span style=\"color: #808080;\">Mentaltrainerin und\u00a0Heilerausbildung<\/span><\/li>\n<li><span style=\"color: #808080;\">Beratungst\u00e4tigkeit und intensives Coaching \u00a0in der eigenen <a style=\"color: #808080;\" href=\"https:\/\/praxisuhlendahl--vitalessenz.thrivecart.com\/ernhrungsfundament\/\">Beratungspraxis Vitalessenz<\/a>\u00a0<\/span><\/li>\n<\/ul>\n<div><\/div>\n<div class=\"\"><span style=\"color: #008080;\"><b class=\"\">Kaiut Yoga<\/b><\/span><\/div>\n<div><\/div>\n<div><\/div>\n<div class=\"\">\n<div class=\"\"><span style=\"color: #808080;\">Kaiut Yoga ist ein eher passiver, sehr urspr\u00fcnglicher Yoga-Stil mit beeindruckenden, schnellen Ergebnissen.<\/span><\/div>\n<div><\/div>\n<div class=\"\"><span style=\"color: #808080;\">Kein \u201eTurnen\u201c, keine Akrobatik. Nur Yoga. Heutzutage ist Yoga wichtiger als jemals zuvor, da viele Probleme\u00a0stressbedingt oder durch Stress gef\u00f6rdert werden k\u00f6nnen und der weitgehend passive Lebensstil die k\u00f6rperliche\u00a0 Beweglichkeit einschr\u00e4nken kann.<\/span><\/div>\n<div><\/div>\n<div class=\"\"><span style=\"color: #808080;\"> Kaiut Yoga setzt genau hier an. Durch die Yoga\u00fcbungen k\u00f6nnen Sie in eine tiefe Entspannung und Freiheit\u00a0eintauchen.<\/span><\/div>\n<div><\/div>\n<div class=\"\"><span style=\"color: #808080;\">Die Beweglichkeit kann enorm verbessert, alle K\u00f6rperfunktionen gest\u00e4rkt und Stress wird reduziert werden.<\/span><\/div>\n<div><\/div>\n<div class=\"\"><span style=\"color: #808080;\"> Ein Einstieg ist jederzeit und ohne Yoga-Kenntnisse m\u00f6glich.<\/span><\/div>\n<div><\/div>\n<div class=\"\"><span style=\"color: #808080;\">Kommen Sie gern nach Absprache v\u00f6llig unverbindlich zu einer \u00dcbungsstunde zum &#8222;schnuppern&#8220; und gewinnen\u00a0 Ihren eigenen Eindruck.<\/span><\/div>\n<div><\/div>\n<div class=\"\"><span style=\"color: #808080;\">Es gibt f\u00fcr Sie die M\u00f6glichkeit, online teilzunehmen.<\/span><\/div>\n<\/div>\n<div><\/div>\n<div><\/div>\n<div><\/div>\n<div><\/div>\n<div><\/div>\n<div><\/div>\n<div><\/div>\n<div><a href=\"https:\/\/vitalessenz.de\/kaiut-yoga\/\"><strong><span style=\"color: #008080;\">Testen Sie hier gratis Kaiut-Yoga<\/span><\/strong><\/a><\/div>\n<div><\/div>\n<div><\/div>\n<div><span style=\"color: #008080; font-size: inherit;\">Info und Terminvereinbarung: kranz@praxis-sichtzeichen.de<\/span><\/div>\n<div><\/div>\n<div><\/div>\n<div><\/div>\n<div><\/div>\n<div><\/div>\n<div>\n<p>&nbsp;<\/p>\n<\/div>\n<div><\/div>\n<div><\/div>\n<div><\/div>\n","protected":false},"excerpt":{"rendered":"<p>Ern\u00e4hrungcoaching\u00a0 &nbsp; &nbsp; &nbsp; &nbsp; Informationen: Ganzheitliches Ern\u00e4hrungsfundament &nbsp; &nbsp; Fachberaterin f\u00fcr holistische Gesundheit (Akademie der Naturheilkunde) Fachberaterin f\u00fcr Ern\u00e4hrungsmedizin, Food Coach ( DTA Dr. Jens Freese) Burnout- und Stressberaterin ( Silke Uhlendahl) Wechseljahrsberaterin( Silke Uhlendahl) Fortbildungen in ganzheitlicher Frauen- \u00a0und Hormongesundheit( Silke Uhlendahl) \u00a0Fachberaterin f\u00fcr Darmgesundheit Fortbildung im Bereich Ausleitung, Entgiftung und Darmsanierung Fortbildungen [&hellip;]<\/p>\n","protected":false},"author":1,"featured_media":0,"parent":0,"menu_order":0,"comment_status":"closed","ping_status":"closed","template":"","meta":[],"_links":{"self":[{"href":"https:\/\/www.praxis-sichtzeichen.de\/wp\/wp-json\/wp\/v2\/pages\/3011"}],"collection":[{"href":"https:\/\/www.praxis-sichtzeichen.de\/wp\/wp-json\/wp\/v2\/pages"}],"about":[{"href":"https:\/\/www.praxis-sichtzeichen.de\/wp\/wp-json\/wp\/v2\/types\/page"}],"author":[{"embeddable":true,"href":"https:\/\/www.praxis-sichtzeichen.de\/wp\/wp-json\/wp\/v2\/users\/1"}],"replies":[{"embeddable":true,"href":"https:\/\/www.praxis-sichtzeichen.de\/wp\/wp-json\/wp\/v2\/comments?post=3011"}],"version-history":[{"count":26,"href":"https:\/\/www.praxis-sichtzeichen.de\/wp\/wp-json\/wp\/v2\/pages\/3011\/revisions"}],"predecessor-version":[{"id":3917,"href":"https:\/\/www.praxis-sichtzeichen.de\/wp\/wp-json\/wp\/v2\/pages\/3011\/revisions\/3917"}],"wp:attachment":[{"href":"https:\/\/www.praxis-sichtzeichen.de\/wp\/wp-json\/wp\/v2\/media?parent=3011"}],"curies":[{"name":"wp","href":"https:\/\/api.w.org\/{rel}","templated":true}]}}