{"id":3085,"date":"2021-06-04T16:33:34","date_gmt":"2021-06-04T14:33:34","guid":{"rendered":"https:\/\/www.praxis-sichtzeichen.de\/wp\/?page_id=3085"},"modified":"2026-01-04T17:08:44","modified_gmt":"2026-01-04T16:08:44","slug":"heilpraktikerin-julia-broecking","status":"publish","type":"page","link":"https:\/\/www.praxis-sichtzeichen.de\/wp\/heilpraktikerin-julia-broecking\/","title":{"rendered":"Heilpraktikerin &#038; Osteopathin  Julia Br\u00f6cking"},"content":{"rendered":"\r\n<h3 class=\"has-text-align-left\"><a href=\"https:\/\/www.praxis-sichtzeichen.de\/wp\/wp-admin\/post.php?post=3156&amp;action=edit\"><mark class=\"has-inline-color\" style=\"background-color: rgba(0, 0, 0, 0); color: #50a9b2;\"><img decoding=\"async\" loading=\"lazy\" class=\"alignright size-thumbnail wp-image-3666\" src=\"https:\/\/www.praxis-sichtzeichen.de\/wp\/wp-content\/uploads\/2021\/06\/WhatsApp-Image-2023-06-11-at-12.15.41-113x150.jpeg\" alt=\"\" width=\"113\" height=\"150\" srcset=\"https:\/\/www.praxis-sichtzeichen.de\/wp\/wp-content\/uploads\/2021\/06\/WhatsApp-Image-2023-06-11-at-12.15.41-113x150.jpeg 113w, https:\/\/www.praxis-sichtzeichen.de\/wp\/wp-content\/uploads\/2021\/06\/WhatsApp-Image-2023-06-11-at-12.15.41-225x300.jpeg 225w, https:\/\/www.praxis-sichtzeichen.de\/wp\/wp-content\/uploads\/2021\/06\/WhatsApp-Image-2023-06-11-at-12.15.41-450x600.jpeg 450w, https:\/\/www.praxis-sichtzeichen.de\/wp\/wp-content\/uploads\/2021\/06\/WhatsApp-Image-2023-06-11-at-12.15.41.jpeg 768w\" sizes=\"(max-width: 113px) 100vw, 113px\" \/>Osteopathie<\/mark> <\/a> <mark class=\"has-inline-color\" style=\"background-color: rgba(0, 0, 0, 0); color: #50a9b2;\">f\u00fcr Frauen\/ Schwangere &amp; S\u00e4uglinge\/Kinder <\/mark><\/h3>\r\n<h3 class=\"has-text-align-left\"><mark class=\"has-inline-color\" style=\"background-color: rgba(0, 0, 0, 0); color: #50a9b2;\">Physiotherapie (alle Kassen)<\/mark><\/h3>\r\n<p><span style=\"color: #999999;\"><\/span><\/p>\r\n<p><span style=\"color: #999999;\"><strong>Ganzheitliche Frauenheilkunde\u00a0<\/strong><\/span><\/p>\r\n<p><span style=\"color: #999999;\"><\/span><\/p>\r\n<p style=\"font-weight: 400;\"><span style=\"color: #808080;\"><strong>Julia Br\u00f6cking\u00a0<\/strong><\/span><\/p>\r\n<ul style=\"font-weight: 400;\">\r\n<li><span style=\"color: #808080;\">2003 Abitur<\/span><\/li>\r\n<li><span style=\"color: #808080;\">2004-2007 Ausbildung zur Physiotherapeutin an der St. Elisabeth-Stiftung Bochum<\/span><\/li>\r\n<li><span style=\"color: #808080;\">Seit 2007 staatlich examinierte Physiotherapeutin<\/span><\/li>\r\n<li><span style=\"color: #808080;\">2009 Zertifikat Lymphdrainage ASDONK in Essen<\/span><\/li>\r\n<li><span style=\"color: #808080;\">2010 Zertifikat Kinesiologisches Taping<\/span><\/li>\r\n<li><span style=\"color: #808080;\">2011-2014 Ausbildung zur Heilpraktikerin an der Walter Kn\u00e4pper Heilpraktiker Fachschule in Bochum<\/span><\/li>\r\n<li><span style=\"color: #808080;\">2014 Heilpraktikererlaubnis Gesundheitsamt Dortmund<\/span><\/li>\r\n<li><span style=\"color: #808080;\">2013 Ausbildung Cranio-Sacral -Therapie nach Sutherland beim IFK in Bochum<\/span><\/li>\r\n<li><span style=\"color: #808080;\">2014 Neuraltherapie nach Huneke an der Walter Kn\u00e4pper Heilpraktiker Fachschule Bochum<\/span><\/li>\r\n<li><span style=\"color: #808080;\">2017- 2023 Ausbildung mit Abschluss als Osteopathin an der STILL ACADEMY, Osteopathie GmbH in Oberhausen<\/span><\/li>\r\n<li><span style=\"color: #808080;\">2021-2023 \u00a0komplette Ausbildung in ganzheitlicher Frauenheilkunde \u00a0bei Silke Uhlendahl<\/span><\/li>\r\n<li><span style=\"color: #808080;\">2023 Osteopathie f\u00fcr S\u00e4uglinge und Kleinkinder bei Christian Defrance de Tersant in M\u00fclheim<\/span><\/li>\r\n<li><span style=\"color: #808080;\">Mitarbeit im Kompetenzteam in der Praxis Sichtzeichen\u00a0<\/span><\/li>\r\n<li><span style=\"color: #808080;\">Praxis f\u00fcr Physiotherapie ( alle Kassen zugelassen)<\/span><\/li>\r\n<li><span style=\"color: #808080;\">Dozentent\u00e4tigkeit<\/span><\/li>\r\n<\/ul>\r\n<p><span style=\"color: #999999;\">\r\n\r\n<\/span><\/p>\r\n\r\n\r\n\r\n<h3>\u00a0<\/h3>\r\n<p><span style=\"color: #008080;\"><strong><a style=\"color: #008080;\" href=\"https:\/\/www.praxis-broecking.de\">Lesen Sie hier mehr\u00a0<\/a><\/strong><\/span><\/p>\r\n\r\n\r\n\r\n<p><span style=\"color: #008080;\">Praxis-Informationen und Terminvereinbarung bitte direkt bei Julia Br\u00f6cking<\/span><\/p>\r\n<p><strong><span style=\"color: #808080;\">\u00a0<\/span><\/strong><\/p>\r\n<p><span style=\"color: #008080;\">E-Mail: broecking(at)praxis-sichtzeichen.de<\/span><\/p>\r\n\r\n<p>&nbsp;<\/p>\r\n","protected":false},"excerpt":{"rendered":"<p>Osteopathie f\u00fcr Frauen\/ Schwangere &amp; S\u00e4uglinge\/Kinder Physiotherapie (alle Kassen) Ganzheitliche Frauenheilkunde\u00a0 Julia Br\u00f6cking\u00a0 2003 Abitur 2004-2007 Ausbildung zur Physiotherapeutin an der St. Elisabeth-Stiftung Bochum Seit 2007 staatlich examinierte Physiotherapeutin 2009 Zertifikat Lymphdrainage ASDONK in Essen 2010 Zertifikat Kinesiologisches Taping 2011-2014 Ausbildung zur Heilpraktikerin an der Walter Kn\u00e4pper Heilpraktiker Fachschule in Bochum 2014 Heilpraktikererlaubnis Gesundheitsamt Dortmund [&hellip;]<\/p>\n","protected":false},"author":1,"featured_media":0,"parent":0,"menu_order":0,"comment_status":"closed","ping_status":"closed","template":"","meta":[],"_links":{"self":[{"href":"https:\/\/www.praxis-sichtzeichen.de\/wp\/wp-json\/wp\/v2\/pages\/3085"}],"collection":[{"href":"https:\/\/www.praxis-sichtzeichen.de\/wp\/wp-json\/wp\/v2\/pages"}],"about":[{"href":"https:\/\/www.praxis-sichtzeichen.de\/wp\/wp-json\/wp\/v2\/types\/page"}],"author":[{"embeddable":true,"href":"https:\/\/www.praxis-sichtzeichen.de\/wp\/wp-json\/wp\/v2\/users\/1"}],"replies":[{"embeddable":true,"href":"https:\/\/www.praxis-sichtzeichen.de\/wp\/wp-json\/wp\/v2\/comments?post=3085"}],"version-history":[{"count":39,"href":"https:\/\/www.praxis-sichtzeichen.de\/wp\/wp-json\/wp\/v2\/pages\/3085\/revisions"}],"predecessor-version":[{"id":4018,"href":"https:\/\/www.praxis-sichtzeichen.de\/wp\/wp-json\/wp\/v2\/pages\/3085\/revisions\/4018"}],"wp:attachment":[{"href":"https:\/\/www.praxis-sichtzeichen.de\/wp\/wp-json\/wp\/v2\/media?parent=3085"}],"curies":[{"name":"wp","href":"https:\/\/api.w.org\/{rel}","templated":true}]}}