{"id":81,"date":"2010-12-16T14:57:08","date_gmt":"2010-12-16T13:57:08","guid":{"rendered":"http:\/\/www.praxis-sichtzeichen.de\/wp\/?page_id=81"},"modified":"2026-01-05T07:47:04","modified_gmt":"2026-01-05T06:47:04","slug":"online-seminare-mit-silke-uhlendahl","status":"publish","type":"page","link":"https:\/\/www.praxis-sichtzeichen.de\/wp\/online-seminare-mit-silke-uhlendahl\/","title":{"rendered":"Onlineseminare und Praxisseminare"},"content":{"rendered":"<h2><span style=\"color: #008080;\"><a style=\"color: #008080;\" href=\"https:\/\/www.isolde-richter.de\/ueber-uns\/unsere-dozenten\/silke-uhlendahl\">Online-Seminare mit Silke Uhlendahl<\/a><\/span><\/h2>\n<h3><span style=\"color: #888888;\"><span style=\"color: #008080;\">Online lernen &#8211; Kurse bequem von zu Hause <img decoding=\"async\" loading=\"lazy\" class=\"alignright wp-image-2446\" src=\"https:\/\/www.praxis-sichtzeichen.de\/wp\/wp-content\/uploads\/2018\/10\/PraxisSichtzeichen_Logo_rgb_ps-150x139.png\" alt=\"\" width=\"96\" height=\"89\" srcset=\"https:\/\/www.praxis-sichtzeichen.de\/wp\/wp-content\/uploads\/2018\/10\/PraxisSichtzeichen_Logo_rgb_ps-150x139.png 150w, https:\/\/www.praxis-sichtzeichen.de\/wp\/wp-content\/uploads\/2018\/10\/PraxisSichtzeichen_Logo_rgb_ps-300x279.png 300w, https:\/\/www.praxis-sichtzeichen.de\/wp\/wp-content\/uploads\/2018\/10\/PraxisSichtzeichen_Logo_rgb_ps-768x713.png 768w, https:\/\/www.praxis-sichtzeichen.de\/wp\/wp-content\/uploads\/2018\/10\/PraxisSichtzeichen_Logo_rgb_ps-600x557.png 600w, https:\/\/www.praxis-sichtzeichen.de\/wp\/wp-content\/uploads\/2018\/10\/PraxisSichtzeichen_Logo_rgb_ps.png 1180w\" sizes=\"(max-width: 96px) 100vw, 96px\" \/><br \/>\n<\/span><\/span><\/h3>\n<p><span style=\"color: #008080;\"><strong>Angebote zur Aus- und Weiterbildung f\u00fcr medizinische Heilberufe und Anw\u00e4rter\/innen mit der erfahrenen Heilpraktikerin, Mentorin, Referentin und Dozentin \u00a0Silke Uhlendahl in Kooperation mit der Naturheilschule Isolde Richter.\u00a0<\/strong><\/span><\/p>\n<p>&nbsp;<\/p>\n<p><strong><span style=\"color: #008080;\">Frauenheilkunde &#8211; bioidentische Hormontherapie und funktionelle Medizin:<\/span><\/strong><\/p>\n<p><span style=\"color: #808080;\"><a style=\"color: #808080;\" href=\"https:\/\/www.isolde-richter.de\/ausbildung\/frauenheilkunde-ausbildung\">Intensiv-Fortbildungsreihe ganzheitliche Frauenheilkunde \u00a0Hormone, Endokrinologie und Co.f\u00fcr HP und HPA<\/a><\/span><\/p>\n<p><span style=\"color: #808080;\">Vertiefende Angebote zu den Themenfeldern:<\/span><\/p>\n<p><span style=\"color: #808080;\"><a style=\"color: #808080;\" href=\"https:\/\/www.isolde-richter.de\/ausbildung\/kinderwunsch\"> Kinderwunsch\u00a0\u00a0<\/a><\/span><\/p>\n<p><a href=\"https:\/\/www.isolde-richter.de\/ausbildung\/wechseljahre-fuer-therapeuten\"><span style=\"color: #808080;\">Wechseljahre<\/span><\/a><\/p>\n<p><a href=\"https:\/\/www.isolde-richter.de\/ausbildung\/burnout-therapie\"><span style=\"caret-color: #808080; color: #808080;\">Burnout &#8211; Therapiekonzepte<\/span><\/a><\/p>\n<p><span style=\"color: #008080;\"><strong>Weitere Kursangebote<\/strong><\/span><\/p>\n<p><a href=\"https:\/\/www.isolde-richter.de\/ausbildung\/ausleitung-entgiftung-darmsanierung\"><span style=\"color: #808080;\">Basistherapie : Grundbaustein f\u00fcr jede Naturheilpraxis \u00a0<\/span><\/a><\/p>\n<p><a href=\"https:\/\/www.isolde-richter.de\/ausbildung\/phytotherapie-pflanzenheilkunde\"><span style=\"color: #808080;\">Phytotherapie &#8211; Heilpflanzenzubereitungen <\/span><\/a><\/p>\n<p><a href=\"https:\/\/www.isolde-richter.de\/ausbildung\/praxisgruendung-fuer-therapeuten\"><span style=\"color: #808080;\">Praxisgr\u00fcndung und Praxisf\u00fchrung, Abrechnung nach GeB\u00fcH<\/span><\/a><\/p>\n<p><a href=\"https:\/\/www.isolde-richter.de\/ausbildung\/labordiagnostik\"><span style=\"color: #808080;\">Labordiagnostik in der Naturheilpraxis<\/span><\/a><\/p>\n<p>&nbsp;<\/p>\n<p><span style=\"color: #008080;\"><strong>Online-Hormonseminare f\u00fcr Heilberufe mit Silke Uhlendahl<\/strong><\/span><\/p>\n<p><span style=\"color: #808080;\"><a style=\"color: #808080;\" href=\"https:\/\/www.marktapotheke-greiff.de\/content\/seminare-15\">In Kooperation mit der Seminarplattform der Markt Apotheke Greiff<\/a><\/span><\/p>\n<p>&nbsp;<\/p>\n<h2><span style=\"color: #008080;\">Praxisseminare in Essen<\/span><\/h2>\n<h3><strong><span style=\"color: #008080;\">Fortbildungen Osteopathie und Manuelle Medizin mit <\/span><\/strong><\/h3>\n<h3><strong><span style=\"color: #008080;\">Julia Br\u00f6cking\u00a0<\/span><\/strong><\/h3>\n<p><img decoding=\"async\" loading=\"lazy\" class=\"alignleft size-thumbnail wp-image-3080\" src=\"https:\/\/www.praxis-sichtzeichen.de\/wp\/wp-content\/uploads\/2021\/06\/Bildschirmfoto-2021-06-04-um-15.55.22-150x147.png\" alt=\"\" width=\"150\" height=\"147\" srcset=\"https:\/\/www.praxis-sichtzeichen.de\/wp\/wp-content\/uploads\/2021\/06\/Bildschirmfoto-2021-06-04-um-15.55.22-150x147.png 150w, https:\/\/www.praxis-sichtzeichen.de\/wp\/wp-content\/uploads\/2021\/06\/Bildschirmfoto-2021-06-04-um-15.55.22-300x294.png 300w, https:\/\/www.praxis-sichtzeichen.de\/wp\/wp-content\/uploads\/2021\/06\/Bildschirmfoto-2021-06-04-um-15.55.22-600x588.png 600w, https:\/\/www.praxis-sichtzeichen.de\/wp\/wp-content\/uploads\/2021\/06\/Bildschirmfoto-2021-06-04-um-15.55.22.png 647w\" sizes=\"(max-width: 150px) 100vw, 150px\" \/><\/p>\n<p><span style=\"color: #808080;\">Unter der Leitung von \u00a0Heilpraktikerin Julia Br\u00f6cking finden in unserer Praxis Weiterbildungen zur Anwendungen von manuellen Techniken aus der Osteopathie \u00a0auch mit Schwerpunkt Anwendung in der Frauenheilkunde f\u00fcr Therapeutinnen und Therapeuten statt!<\/span><\/p>\n<p><span style=\"color: #808080;\"><strong>Alle Informationen zu aktuellen Terminen, Preisen, Seminarablauf und Anmeldem\u00f6glichkeit bitte\u00a0direkt bei Julia Br\u00f6cking:<\/strong> <\/span><\/p>\n<p><span style=\"color: #594340;\"><span style=\"color: #008080;\">\u00a0 \u00a0 \u00a0 \u00a0 \u00a0 \u00a0 \u00a0 \u00a0 \u00a0 \u00a0 \u00a0 \u00a0 \u00a0 \u00a0 \u00a0 \u00a0 \u00a0 \u00a0 \u00a0 \u00a0 \u00a0 \u00a0 \u00a0 \u00a0 \u00a0<strong> \u00a0broecking@praxis-sichtzeichen.de<\/strong><\/span><\/span><\/p>\n<h3><\/h3>\n<div id=\"attachment_2199\" style=\"width: 160px\" class=\"wp-caption alignright\"><img aria-describedby=\"caption-attachment-2199\" decoding=\"async\" loading=\"lazy\" class=\"wp-image-2199 size-thumbnail\" src=\"https:\/\/www.praxis-sichtzeichen.de\/wp\/wp-content\/uploads\/2010\/12\/Foto-41-150x112.jpg\" alt=\"\" width=\"150\" height=\"112\" srcset=\"https:\/\/www.praxis-sichtzeichen.de\/wp\/wp-content\/uploads\/2010\/12\/Foto-41-150x112.jpg 150w, https:\/\/www.praxis-sichtzeichen.de\/wp\/wp-content\/uploads\/2010\/12\/Foto-41-300x225.jpg 300w, https:\/\/www.praxis-sichtzeichen.de\/wp\/wp-content\/uploads\/2010\/12\/Foto-41-600x450.jpg 600w, https:\/\/www.praxis-sichtzeichen.de\/wp\/wp-content\/uploads\/2010\/12\/Foto-41.jpg 800w\" sizes=\"(max-width: 150px) 100vw, 150px\" \/><p id=\"caption-attachment-2199\" class=\"wp-caption-text\">Seminar Osteopathie<\/p><\/div>\n<p>&nbsp;<\/p>\n<p>&nbsp;<\/p>\n<p>&nbsp;<\/p>\n<p>&nbsp;<\/p>\n<p>&nbsp;<\/p>\n<p>&nbsp;<\/p>\n<p>&nbsp;<\/p>\n<p>&nbsp;<\/p>\n<p>&nbsp;<\/p>\n<p>&nbsp;<\/p>\n<p><!-- \/wp:paragraph --><\/p>\n","protected":false},"excerpt":{"rendered":"<p>Online-Seminare mit Silke Uhlendahl Online lernen &#8211; Kurse bequem von zu Hause Angebote zur Aus- und Weiterbildung f\u00fcr medizinische Heilberufe und Anw\u00e4rter\/innen mit der erfahrenen Heilpraktikerin, Mentorin, Referentin und Dozentin \u00a0Silke Uhlendahl in Kooperation mit der Naturheilschule Isolde Richter.\u00a0 &nbsp; Frauenheilkunde &#8211; bioidentische Hormontherapie und funktionelle Medizin: Intensiv-Fortbildungsreihe ganzheitliche Frauenheilkunde \u00a0Hormone, Endokrinologie und Co.f\u00fcr HP [&hellip;]<\/p>\n","protected":false},"author":1,"featured_media":0,"parent":0,"menu_order":0,"comment_status":"closed","ping_status":"closed","template":"","meta":[],"_links":{"self":[{"href":"https:\/\/www.praxis-sichtzeichen.de\/wp\/wp-json\/wp\/v2\/pages\/81"}],"collection":[{"href":"https:\/\/www.praxis-sichtzeichen.de\/wp\/wp-json\/wp\/v2\/pages"}],"about":[{"href":"https:\/\/www.praxis-sichtzeichen.de\/wp\/wp-json\/wp\/v2\/types\/page"}],"author":[{"embeddable":true,"href":"https:\/\/www.praxis-sichtzeichen.de\/wp\/wp-json\/wp\/v2\/users\/1"}],"replies":[{"embeddable":true,"href":"https:\/\/www.praxis-sichtzeichen.de\/wp\/wp-json\/wp\/v2\/comments?post=81"}],"version-history":[{"count":91,"href":"https:\/\/www.praxis-sichtzeichen.de\/wp\/wp-json\/wp\/v2\/pages\/81\/revisions"}],"predecessor-version":[{"id":4026,"href":"https:\/\/www.praxis-sichtzeichen.de\/wp\/wp-json\/wp\/v2\/pages\/81\/revisions\/4026"}],"wp:attachment":[{"href":"https:\/\/www.praxis-sichtzeichen.de\/wp\/wp-json\/wp\/v2\/media?parent=81"}],"curies":[{"name":"wp","href":"https:\/\/api.w.org\/{rel}","templated":true}]}}